{"id":2016,"date":"2021-06-25T09:39:49","date_gmt":"2021-06-25T09:39:49","guid":{"rendered":"http:\/\/laurablancomarketing.es\/?page_id=2016"},"modified":"2021-08-17T10:22:51","modified_gmt":"2021-08-17T10:22:51","slug":"2016-2","status":"publish","type":"page","link":"https:\/\/laurablancomarketing.es\/en\/2016-2\/","title":{"rendered":"02 &#8211; Formaci\u00f3n Marketing digital"},"content":{"rendered":"<div class=\"row wpb_row row-fluid full-width-row vc_custom_1623321523507 row-has-fill\"><div class=\"wpb_column columns medium-12 thb-dark-column small-12\"><div class=\"vc_column-inner \"><div class=\"wpb_wrapper \"><div class=\"vc_empty_space\" id=\"thb-empty-space-6a00ccfb5b94f\"  style=\"height: 122px\" ><span class=\"vc_empty_space_inner\"><\/span><\/div>\n\n\t<div class=\"wpb_text_column wpb_content_element  \" >\n\t\t<div class=\"wpb_wrapper\">\n\t\t\t<h1 style=\"text-align: center;\">FORMACI\u00d3N EN MARKETING DIGITAL<\/h1>\n<h5 style=\"text-align: center;\"><span style=\"color: #000000;\">Cursos de formaci\u00f3n en redes sociales<\/span><\/h5>\n<h5 style=\"text-align: center;\"><span style=\"color: #000000;\">Lleva tus redes sociales a un siguiente nivel a trav\u00e9s de cursos personalizados para tu empresa y trabajadores<\/span><\/h5>\n\n\t\t<\/div>\n\t<\/div>\n<div class=\"vc_empty_space\" id=\"thb-empty-space-6a00ccfb5ba8b\"  style=\"height: 122px\" ><span class=\"vc_empty_space_inner\"><\/span><\/div>\n<\/div><\/div><\/div><\/div><div class=\"row wpb_row row-fluid no-padding full-width-row row-o-content-middle row-flex\"><div class=\"wpb_column columns medium-6 thb-dark-column small-12\"><div class=\"vc_column-inner \"><div class=\"wpb_wrapper \">\n\t<div class=\"wpb_text_column wpb_content_element   vc_custom_1623321906486\" >\n\t\t<div class=\"wpb_wrapper\">\n\t\t\t<h2>FORMACI\u00d3N ADAPTADA A TU EMPRESA<\/h2>\n<p>Son varias las empresas que han confiado en nosotros para la realizaci\u00f3n de cursos de formaci\u00f3n en redes sociales o marketing digital. De esta manera, nos encargamos de formar a sus empleados para que desarrollen ellos mismos la estrategia de social media.<\/p>\n\n\t\t<\/div>\n\t<\/div>\n\n\t<div class=\"wpb_text_column wpb_content_element   vc_custom_1624615644979\" >\n\t\t<div class=\"wpb_wrapper\">\n\t\t\t<h2>TUTORA DE FORMACI\u00d3N E-LEARNING<\/h2>\n<p>A trav\u00e9s de la escuela de negocios Imagina Formaci\u00f3n imparto cursos de estrategia de redes sociales y crisis de reputaci\u00f3n, en los que, a trav\u00e9s de ejemplos y casos pr\u00e1cticos, vamos creando una estrategia de redes sociales desde el principio y hasta el final. En el curso vamos viendo cu\u00e1les son las m\u00e9tricas que debemos utilizar para medir el \u00e9xito de nuestra campa\u00f1a en redes sociales y aprendemos a prestarle atenci\u00f3n a la reputaci\u00f3n de nuestra empresa en Internet.<\/p>\n<p>&nbsp;<\/p>\n\n\t\t<\/div>\n\t<\/div>\n<\/div><\/div><\/div><div class=\"wpb_column columns medium-6 thb-dark-column has-fill small-12\"><div class=\"vc_column-inner vc_custom_1624613978849\"><div class=\"wpb_wrapper \"><\/div><\/div><\/div><\/div><div class=\"row wpb_row row-fluid\"><div class=\"wpb_column columns medium-12 thb-dark-column small-12\"><div class=\"vc_column-inner \"><div class=\"wpb_wrapper \">\n\t<div class=\"wpb_text_column wpb_content_element  \" >\n\t\t<div class=\"wpb_wrapper\">\n\t\t\t<p><!-- \/wp:post-content --><\/p>\n<p><!-- wp:shortcode --><\/p>\n\n\t\t<\/div>\n\t<\/div>\n<\/div><\/div><\/div><\/div><div class=\"row wpb_row row-fluid\"><div class=\"wpb_column columns medium-12 thb-dark-column small-12\"><div class=\"vc_column-inner \"><div class=\"wpb_wrapper \"><div class=\"vc_empty_space\" id=\"thb-empty-space-6a00ccfb5bf13\"  style=\"height: 64px\" ><span class=\"vc_empty_space_inner\"><\/span><\/div>\n\n\t<div class=\"wpb_text_column wpb_content_element   text-center\" >\n\t\t<div class=\"wpb_wrapper\">\n\t\t\t<h2>CLIENTES<\/h2>\n<p>Algunas de las empresas con las que ya hemos realizado formaci\u00f3n en marketing digital.\u00a0<\/p>\n\n\t\t<\/div>\n\t<\/div>\n<div class=\"vc_empty_space\" id=\"thb-empty-space-6a00ccfb5bf8a\"  style=\"height: 30px\" ><span class=\"vc_empty_space_inner\"><\/span><\/div>\n\t<div id=\"thb-client-logos-43\" class=\"thb-client-row thb-opacity has-border\">\n\t\t<div class=\"row no-padding style1\" data-columns=\"small-6 large-4\" data-navigation=\"true\">\n\t\t\t\t<div class=\"has-link thb-client small-6 large-4 columns\" style=\"border-color: #f0f0f0\">\n\t\t\t\t\t<a href=\"https:\/\/themeforest.net\/item\/notio-deluxe-portfolio-theme\/10049784\" target=\"_blank\"><img decoding=\"async\" width=\"1500\" height=\"1500\" src=\"https:\/\/laurablancomarketing.es\/wp-content\/uploads\/2021\/05\/Imagina-def.jpg\" class=\"attachment-full\" alt=\"Laura Blanco Estudio - Imagina Formaci\u00f3n\" srcset=\"https:\/\/laurablancomarketing.es\/wp-content\/uploads\/2021\/05\/Imagina-def.jpg 1500w, https:\/\/laurablancomarketing.es\/wp-content\/uploads\/2021\/05\/Imagina-def-300x300.jpg 300w, https:\/\/laurablancomarketing.es\/wp-content\/uploads\/2021\/05\/Imagina-def-1024x1024.jpg 1024w, https:\/\/laurablancomarketing.es\/wp-content\/uploads\/2021\/05\/Imagina-def-150x150.jpg 150w, https:\/\/laurablancomarketing.es\/wp-content\/uploads\/2021\/05\/Imagina-def-768x768.jpg 768w, https:\/\/laurablancomarketing.es\/wp-content\/uploads\/2021\/05\/Imagina-def-12x12.jpg 12w, https:\/\/laurablancomarketing.es\/wp-content\/uploads\/2021\/05\/Imagina-def-600x600.jpg 600w, https:\/\/laurablancomarketing.es\/wp-content\/uploads\/2021\/05\/Imagina-def-900x900.jpg 900w, https:\/\/laurablancomarketing.es\/wp-content\/uploads\/2021\/05\/Imagina-def-20x20.jpg 20w\" sizes=\"(max-width: 1500px) 100vw, 1500px\" \/><\/a>\n\t\t\t<\/div>\n\t\t<div class=\"has-link thb-client small-6 large-4 columns\" style=\"border-color: #f0f0f0\">\n\t\t\t\t\t<a href=\"https:\/\/themeforest.net\/item\/notio-deluxe-portfolio-theme\/10049784\" target=\"_blank\"><img decoding=\"async\" width=\"1500\" height=\"1500\" src=\"https:\/\/laurablancomarketing.es\/wp-content\/uploads\/2021\/05\/por-los-pelos-def.jpg\" class=\"attachment-full\" alt=\"Laura Blanco Estudio - Por los pelos peluqueros\" srcset=\"https:\/\/laurablancomarketing.es\/wp-content\/uploads\/2021\/05\/por-los-pelos-def.jpg 1500w, https:\/\/laurablancomarketing.es\/wp-content\/uploads\/2021\/05\/por-los-pelos-def-300x300.jpg 300w, https:\/\/laurablancomarketing.es\/wp-content\/uploads\/2021\/05\/por-los-pelos-def-1024x1024.jpg 1024w, https:\/\/laurablancomarketing.es\/wp-content\/uploads\/2021\/05\/por-los-pelos-def-150x150.jpg 150w, https:\/\/laurablancomarketing.es\/wp-content\/uploads\/2021\/05\/por-los-pelos-def-768x768.jpg 768w, https:\/\/laurablancomarketing.es\/wp-content\/uploads\/2021\/05\/por-los-pelos-def-12x12.jpg 12w, https:\/\/laurablancomarketing.es\/wp-content\/uploads\/2021\/05\/por-los-pelos-def-600x600.jpg 600w, https:\/\/laurablancomarketing.es\/wp-content\/uploads\/2021\/05\/por-los-pelos-def-900x900.jpg 900w, https:\/\/laurablancomarketing.es\/wp-content\/uploads\/2021\/05\/por-los-pelos-def-20x20.jpg 20w\" sizes=\"(max-width: 1500px) 100vw, 1500px\" \/><\/a>\n\t\t\t<\/div>\n\t\t<div class=\"has-link thb-client small-6 large-4 columns\" style=\"border-color: #f0f0f0\">\n\t\t\t\t\t<a href=\"https:\/\/themeforest.net\/item\/notio-deluxe-portfolio-theme\/10049784\" target=\"_blank\"><img decoding=\"async\" width=\"1500\" height=\"1500\" src=\"https:\/\/laurablancomarketing.es\/wp-content\/uploads\/2021\/05\/i-project-def.jpg\" class=\"attachment-full\" alt=\"Laura Blanco Estudio - I Project 360\" srcset=\"https:\/\/laurablancomarketing.es\/wp-content\/uploads\/2021\/05\/i-project-def.jpg 1500w, https:\/\/laurablancomarketing.es\/wp-content\/uploads\/2021\/05\/i-project-def-300x300.jpg 300w, https:\/\/laurablancomarketing.es\/wp-content\/uploads\/2021\/05\/i-project-def-1024x1024.jpg 1024w, https:\/\/laurablancomarketing.es\/wp-content\/uploads\/2021\/05\/i-project-def-150x150.jpg 150w, https:\/\/laurablancomarketing.es\/wp-content\/uploads\/2021\/05\/i-project-def-768x768.jpg 768w, https:\/\/laurablancomarketing.es\/wp-content\/uploads\/2021\/05\/i-project-def-12x12.jpg 12w, https:\/\/laurablancomarketing.es\/wp-content\/uploads\/2021\/05\/i-project-def-600x600.jpg 600w, https:\/\/laurablancomarketing.es\/wp-content\/uploads\/2021\/05\/i-project-def-900x900.jpg 900w, https:\/\/laurablancomarketing.es\/wp-content\/uploads\/2021\/05\/i-project-def-20x20.jpg 20w\" sizes=\"(max-width: 1500px) 100vw, 1500px\" \/><\/a>\n\t\t\t<\/div>\n\t\t\t<\/div>\n\t<\/div>\n\t<div class=\"vc_empty_space\" id=\"thb-empty-space-6a00ccfb5c7e7\"  style=\"height: 100px\" ><span class=\"vc_empty_space_inner\"><\/span><\/div>\n<\/div><\/div><\/div><\/div><div class=\"row wpb_row row-fluid\"><div class=\"wpb_column columns medium-12 thb-dark-column small-12\"><div class=\"vc_column-inner \"><div class=\"wpb_wrapper \">\n\t<div class=\"wpb_text_column wpb_content_element  \" >\n\t\t<div class=\"wpb_wrapper\">\n\t\t\t<p><!-- \/wp:shortcode --><\/p>\n<p><!-- wp:paragraph --><\/p>\n\n\t\t<\/div>\n\t<\/div>\n<\/div><\/div><\/div><\/div><div class=\"row wpb_row row-fluid\"><div class=\"wpb_column columns medium-12 thb-dark-column small-12\"><div class=\"vc_column-inner \"><div class=\"wpb_wrapper \"><div class=\"wpforms-container wpforms-container-full\" id=\"wpforms-2000\"><form id=\"wpforms-form-2000\" class=\"wpforms-validate wpforms-form\" data-formid=\"2000\" method=\"post\" enctype=\"multipart\/form-data\" action=\"\/en\/wp-json\/wp\/v2\/pages\/2016\" data-token=\"2790277b46caa8866d53c40daf888ab8\" data-token-time=\"1778437371\"><div class=\"wpforms-head-container\"><div class=\"wpforms-title\">\u00bfHablamos?<\/div><\/div><noscript class=\"wpforms-error-noscript\">Please enable JavaScript in your browser to complete this form.<\/noscript><div class=\"wpforms-field-container\"><div id=\"wpforms-2000-field_4-container\" class=\"wpforms-field wpforms-field-name\" data-field-id=\"4\"><label class=\"wpforms-field-label\" for=\"wpforms-2000-field_4\">Nombre <span class=\"wpforms-required-label\">*<\/span><\/label><input type=\"text\" id=\"wpforms-2000-field_4\" class=\"wpforms-field-medium wpforms-field-required\" name=\"wpforms[fields][4]\" required><\/div><div id=\"wpforms-2000-field_1-container\" class=\"wpforms-field wpforms-field-email\" data-field-id=\"1\"><label class=\"wpforms-field-label\" for=\"wpforms-2000-field_1\">Email <span class=\"wpforms-required-label\">*<\/span><\/label><input type=\"email\" id=\"wpforms-2000-field_1\" class=\"wpforms-field-medium wpforms-field-required\" name=\"wpforms[fields][1]\" spellcheck=\"false\" required><\/div><div id=\"wpforms-2000-field_2-container\" class=\"wpforms-field wpforms-field-textarea\" data-field-id=\"2\"><label class=\"wpforms-field-label\" for=\"wpforms-2000-field_2\">\u00bfC\u00f3mo podemos ayudarte? <span class=\"wpforms-required-label\">*<\/span><\/label><textarea id=\"wpforms-2000-field_2\" class=\"wpforms-field-medium wpforms-field-required\" name=\"wpforms[fields][2]\" required><\/textarea><\/div><\/div><!-- .wpforms-field-container --><div class=\"wpforms-field wpforms-field-hp\"><label for=\"wpforms-2000-field-hp\" class=\"wpforms-field-label\">Name<\/label><input type=\"text\" name=\"wpforms[hp]\" id=\"wpforms-2000-field-hp\" class=\"wpforms-field-medium\"><\/div><div class=\"wpforms-submit-container\" ><input type=\"hidden\" name=\"wpforms[id]\" value=\"2000\"><input type=\"hidden\" name=\"page_title\" value=\"\"><input type=\"hidden\" name=\"page_url\" value=\"https:\/\/laurablancomarketing.es\/en\/wp-json\/wp\/v2\/pages\/2016\"><input type=\"hidden\" name=\"url_referer\" value=\"\"><button type=\"submit\" name=\"wpforms[submit]\" id=\"wpforms-submit-2000\" class=\"wpforms-submit\" data-alt-text=\"Sending...\" data-submit-text=\"Submit\" aria-live=\"assertive\" value=\"wpforms-submit\">Submit<\/button><\/div><\/form><\/div>  <!-- .wpforms-container --><\/div><\/div><\/div><\/div><div class=\"row wpb_row row-fluid\"><div class=\"wpb_column columns medium-12 thb-dark-column small-12\"><div class=\"vc_column-inner \"><div class=\"wpb_wrapper \">\n\t<div class=\"wpb_text_column wpb_content_element  \" >\n\t\t<div class=\"wpb_wrapper\">\n\t\t\t<p><!-- \/wp:paragraph --><\/p>\n\n\t\t<\/div>\n\t<\/div>\n<\/div><\/div><\/div><\/div>","protected":false},"excerpt":{"rendered":"FORMACI\u00d3N EN MARKETING DIGITAL Cursos de formaci\u00f3n en redes sociales Lleva tus redes sociales a un siguiente nivel a trav\u00e9s de cursos personalizados para tu empresa y trabajadores FORMACI\u00d3N ADAPTADA A TU EMPRESA Son varias las empresas que han confiado en nosotros para la realizaci\u00f3n de cursos de formaci\u00f3n en redes sociales o marketing digital.&hellip;","protected":false},"author":1,"featured_media":0,"parent":0,"menu_order":0,"comment_status":"closed","ping_status":"closed","template":"","meta":{"footnotes":""},"class_list":["post-2016","page","type-page","status-publish","hentry"],"yoast_head":"<!-- This site is optimized with the Yoast SEO plugin v27.5 - https:\/\/yoast.com\/product\/yoast-seo-wordpress\/ -->\n<title>02 - Formaci\u00f3n Marketing digital &#8211; Laura Blanco<\/title>\n<meta name=\"robots\" content=\"index, follow, max-snippet:-1, max-image-preview:large, max-video-preview:-1\" \/>\n<link rel=\"canonical\" href=\"http:\/\/laurablancomarketing.es\/en\/2016-2\/\" \/>\n<meta property=\"og:locale\" content=\"en_GB\" \/>\n<meta property=\"og:type\" content=\"article\" \/>\n<meta property=\"og:title\" content=\"02 - Formaci\u00f3n Marketing digital &#8211; Laura Blanco\" \/>\n<meta property=\"og:url\" content=\"http:\/\/laurablancomarketing.es\/en\/2016-2\/\" \/>\n<meta property=\"og:site_name\" content=\"Laura Blanco\" \/>\n<meta property=\"article:modified_time\" content=\"2021-08-17T10:22:51+00:00\" \/>\n<meta name=\"twitter:card\" content=\"summary_large_image\" \/>\n<meta name=\"twitter:label1\" content=\"Estimated reading time\" \/>\n\t<meta name=\"twitter:data1\" content=\"2 minutes\" \/>\n<script type=\"application\/ld+json\" class=\"yoast-schema-graph\">{\"@context\":\"https:\\\/\\\/schema.org\",\"@graph\":[{\"@type\":\"WebPage\",\"@id\":\"http:\\\/\\\/laurablancomarketing.es\\\/en\\\/2016-2\\\/\",\"url\":\"http:\\\/\\\/laurablancomarketing.es\\\/en\\\/2016-2\\\/\",\"name\":\"02 - Formaci\u00f3n Marketing digital &#8211; Laura Blanco\",\"isPartOf\":{\"@id\":\"http:\\\/\\\/laurablancomarketing.es\\\/en\\\/#website\"},\"datePublished\":\"2021-06-25T09:39:49+00:00\",\"dateModified\":\"2021-08-17T10:22:51+00:00\",\"breadcrumb\":{\"@id\":\"http:\\\/\\\/laurablancomarketing.es\\\/en\\\/2016-2\\\/#breadcrumb\"},\"inLanguage\":\"en-GB\",\"potentialAction\":[{\"@type\":\"ReadAction\",\"target\":[\"http:\\\/\\\/laurablancomarketing.es\\\/en\\\/2016-2\\\/\"]}]},{\"@type\":\"BreadcrumbList\",\"@id\":\"http:\\\/\\\/laurablancomarketing.es\\\/en\\\/2016-2\\\/#breadcrumb\",\"itemListElement\":[{\"@type\":\"ListItem\",\"position\":1,\"name\":\"Home\",\"item\":\"https:\\\/\\\/laurablancomarketing.es\\\/\"},{\"@type\":\"ListItem\",\"position\":2,\"name\":\"02 &#8211; Formaci\u00f3n Marketing digital\"}]},{\"@type\":\"WebSite\",\"@id\":\"http:\\\/\\\/laurablancomarketing.es\\\/en\\\/#website\",\"url\":\"http:\\\/\\\/laurablancomarketing.es\\\/en\\\/\",\"name\":\"Laura Blanco\",\"description\":\"Marketing digital\",\"publisher\":{\"@id\":\"http:\\\/\\\/laurablancomarketing.es\\\/en\\\/#organization\"},\"potentialAction\":[{\"@type\":\"SearchAction\",\"target\":{\"@type\":\"EntryPoint\",\"urlTemplate\":\"http:\\\/\\\/laurablancomarketing.es\\\/en\\\/?s={search_term_string}\"},\"query-input\":{\"@type\":\"PropertyValueSpecification\",\"valueRequired\":true,\"valueName\":\"search_term_string\"}}],\"inLanguage\":\"en-GB\"},{\"@type\":\"Organization\",\"@id\":\"http:\\\/\\\/laurablancomarketing.es\\\/en\\\/#organization\",\"name\":\"Laura Blanco Estudio\",\"url\":\"http:\\\/\\\/laurablancomarketing.es\\\/en\\\/\",\"logo\":{\"@type\":\"ImageObject\",\"inLanguage\":\"en-GB\",\"@id\":\"http:\\\/\\\/laurablancomarketing.es\\\/en\\\/#\\\/schema\\\/logo\\\/image\\\/\",\"url\":\"http:\\\/\\\/laurablancomarketing.es\\\/wp-content\\\/uploads\\\/2021\\\/05\\\/cropped-LB.jpg\",\"contentUrl\":\"http:\\\/\\\/laurablancomarketing.es\\\/wp-content\\\/uploads\\\/2021\\\/05\\\/cropped-LB.jpg\",\"width\":512,\"height\":512,\"caption\":\"Laura Blanco Estudio\"},\"image\":{\"@id\":\"http:\\\/\\\/laurablancomarketing.es\\\/en\\\/#\\\/schema\\\/logo\\\/image\\\/\"}}]}<\/script>\n<!-- \/ Yoast SEO plugin. -->","yoast_head_json":{"title":"02 - Formaci\u00f3n Marketing digital &#8211; Laura Blanco","robots":{"index":"index","follow":"follow","max-snippet":"max-snippet:-1","max-image-preview":"max-image-preview:large","max-video-preview":"max-video-preview:-1"},"canonical":"http:\/\/laurablancomarketing.es\/en\/2016-2\/","og_locale":"en_GB","og_type":"article","og_title":"02 - Formaci\u00f3n Marketing digital &#8211; Laura Blanco","og_url":"http:\/\/laurablancomarketing.es\/en\/2016-2\/","og_site_name":"Laura Blanco","article_modified_time":"2021-08-17T10:22:51+00:00","twitter_card":"summary_large_image","twitter_misc":{"Estimated reading time":"2 minutes"},"schema":{"@context":"https:\/\/schema.org","@graph":[{"@type":"WebPage","@id":"http:\/\/laurablancomarketing.es\/en\/2016-2\/","url":"http:\/\/laurablancomarketing.es\/en\/2016-2\/","name":"02 - Formaci\u00f3n Marketing digital &#8211; Laura Blanco","isPartOf":{"@id":"http:\/\/laurablancomarketing.es\/en\/#website"},"datePublished":"2021-06-25T09:39:49+00:00","dateModified":"2021-08-17T10:22:51+00:00","breadcrumb":{"@id":"http:\/\/laurablancomarketing.es\/en\/2016-2\/#breadcrumb"},"inLanguage":"en-GB","potentialAction":[{"@type":"ReadAction","target":["http:\/\/laurablancomarketing.es\/en\/2016-2\/"]}]},{"@type":"BreadcrumbList","@id":"http:\/\/laurablancomarketing.es\/en\/2016-2\/#breadcrumb","itemListElement":[{"@type":"ListItem","position":1,"name":"Home","item":"https:\/\/laurablancomarketing.es\/"},{"@type":"ListItem","position":2,"name":"02 &#8211; Formaci\u00f3n Marketing digital"}]},{"@type":"WebSite","@id":"http:\/\/laurablancomarketing.es\/en\/#website","url":"http:\/\/laurablancomarketing.es\/en\/","name":"Laura Blanco","description":"Marketing digital","publisher":{"@id":"http:\/\/laurablancomarketing.es\/en\/#organization"},"potentialAction":[{"@type":"SearchAction","target":{"@type":"EntryPoint","urlTemplate":"http:\/\/laurablancomarketing.es\/en\/?s={search_term_string}"},"query-input":{"@type":"PropertyValueSpecification","valueRequired":true,"valueName":"search_term_string"}}],"inLanguage":"en-GB"},{"@type":"Organization","@id":"http:\/\/laurablancomarketing.es\/en\/#organization","name":"Laura Blanco Estudio","url":"http:\/\/laurablancomarketing.es\/en\/","logo":{"@type":"ImageObject","inLanguage":"en-GB","@id":"http:\/\/laurablancomarketing.es\/en\/#\/schema\/logo\/image\/","url":"http:\/\/laurablancomarketing.es\/wp-content\/uploads\/2021\/05\/cropped-LB.jpg","contentUrl":"http:\/\/laurablancomarketing.es\/wp-content\/uploads\/2021\/05\/cropped-LB.jpg","width":512,"height":512,"caption":"Laura Blanco Estudio"},"image":{"@id":"http:\/\/laurablancomarketing.es\/en\/#\/schema\/logo\/image\/"}}]}},"_links":{"self":[{"href":"https:\/\/laurablancomarketing.es\/en\/wp-json\/wp\/v2\/pages\/2016","targetHints":{"allow":["GET"]}}],"collection":[{"href":"https:\/\/laurablancomarketing.es\/en\/wp-json\/wp\/v2\/pages"}],"about":[{"href":"https:\/\/laurablancomarketing.es\/en\/wp-json\/wp\/v2\/types\/page"}],"author":[{"embeddable":true,"href":"https:\/\/laurablancomarketing.es\/en\/wp-json\/wp\/v2\/users\/1"}],"replies":[{"embeddable":true,"href":"https:\/\/laurablancomarketing.es\/en\/wp-json\/wp\/v2\/comments?post=2016"}],"version-history":[{"count":17,"href":"https:\/\/laurablancomarketing.es\/en\/wp-json\/wp\/v2\/pages\/2016\/revisions"}],"predecessor-version":[{"id":2213,"href":"https:\/\/laurablancomarketing.es\/en\/wp-json\/wp\/v2\/pages\/2016\/revisions\/2213"}],"wp:attachment":[{"href":"https:\/\/laurablancomarketing.es\/en\/wp-json\/wp\/v2\/media?parent=2016"}],"curies":[{"name":"wp","href":"https:\/\/api.w.org\/{rel}","templated":true}]}}