{"id":2039,"date":"2021-06-25T10:14:15","date_gmt":"2021-06-25T10:14:15","guid":{"rendered":"http:\/\/laurablancomarketing.es\/?page_id=2039"},"modified":"2021-06-25T11:28:33","modified_gmt":"2021-06-25T11:28:33","slug":"03-paginas-web","status":"publish","type":"page","link":"https:\/\/laurablancomarketing.es\/en\/03-paginas-web\/","title":{"rendered":"03 &#8211; P\u00e1ginas web"},"content":{"rendered":"<div class=\"row wpb_row row-fluid full-width-row vc_custom_1624618259373 row-has-fill\"><div class=\"wpb_column columns medium-12 thb-dark-column small-12\"><div class=\"vc_column-inner \"><div class=\"wpb_wrapper \"><div class=\"vc_empty_space\" id=\"thb-empty-space-6a00cdd12f1c5\"  style=\"height: 122px\" ><span class=\"vc_empty_space_inner\"><\/span><\/div>\n\n\t<div class=\"wpb_text_column wpb_content_element  \" >\n\t\t<div class=\"wpb_wrapper\">\n\t\t\t<h1 style=\"text-align: center;\">DESARROLLO Y DISE\u00d1O DE P\u00c1GINAS WEB<\/h1>\n<h5 style=\"text-align: center;\"><span style=\"color: #000000;\">Dise\u00f1o y creaci\u00f3n de p\u00e1ginas web corporativas.\u00a0<\/span><\/h5>\n<h5 style=\"text-align: center;\">Desarrollo de tiendas online, posicionamiento en buscadores, dise\u00f1o web&#8230;\u00a0<\/h5>\n\n\t\t<\/div>\n\t<\/div>\n<div class=\"vc_empty_space\" id=\"thb-empty-space-6a00cdd12f2fb\"  style=\"height: 122px\" ><span class=\"vc_empty_space_inner\"><\/span><\/div>\n<\/div><\/div><\/div><\/div><div class=\"row wpb_row row-fluid no-padding full-width-row row-o-content-middle row-flex\"><div class=\"wpb_column columns medium-6 thb-dark-column small-12\"><div class=\"vc_column-inner \"><div class=\"wpb_wrapper \">\n\t<div class=\"wpb_text_column wpb_content_element   vc_custom_1624619531385\" >\n\t\t<div class=\"wpb_wrapper\">\n\t\t\t<h2>P\u00c1GINA WEB ADAPTADA A TU EMPRESA<\/h2>\n<p>En primer lugar, realizamos un an\u00e1lisis de los objetivos que debe lograr la p\u00e1gina web (ventas, contactos, informaci\u00f3n&#8230;) Tras ello, investigamos y dise\u00f1amos la forma y estructura que debe tener la p\u00e1gina web y empezamos con el desarrollo.\u00a0<\/p>\n<p>Desde p\u00e1ginas web corporativas y sencillas hasta tiendas online con cientos de referencias. Nos adaptamos a tus necesidades y creamos una p\u00e1gina web que respalde y refuerce los valores de tu marca.\u00a0<\/p>\n\n\t\t<\/div>\n\t<\/div>\n<\/div><\/div><\/div><div class=\"wpb_column columns medium-6 thb-dark-column has-fill small-12\"><div class=\"vc_column-inner vc_custom_1624619858762\"><div class=\"wpb_wrapper \"><\/div><\/div><\/div><\/div><div class=\"row wpb_row row-fluid\"><div class=\"wpb_column columns medium-12 thb-dark-column small-12\"><div class=\"vc_column-inner \"><div class=\"wpb_wrapper \">\n\t<div class=\"wpb_text_column wpb_content_element  \" >\n\t\t<div class=\"wpb_wrapper\">\n\t\t\t<p><!-- \/wp:post-content --><\/p>\n<p><!-- wp:shortcode --><\/p>\n\n\t\t<\/div>\n\t<\/div>\n<\/div><\/div><\/div><\/div><div class=\"row wpb_row row-fluid\"><div class=\"wpb_column columns medium-12 thb-dark-column small-12\"><div class=\"vc_column-inner \"><div class=\"wpb_wrapper \"><div class=\"vc_empty_space\" id=\"thb-empty-space-6a00cdd12f97c\"  style=\"height: 64px\" ><span class=\"vc_empty_space_inner\"><\/span><\/div>\n\n\t<div class=\"wpb_text_column wpb_content_element   text-center\" >\n\t\t<div class=\"wpb_wrapper\">\n\t\t\t<h2>CLIENTES<\/h2>\n<p>Algunas de las empresas con las que ya hemos realizado formaci\u00f3n en marketing digital.<\/p>\n\n\t\t<\/div>\n\t<\/div>\n<div class=\"vc_empty_space\" id=\"thb-empty-space-6a00cdd12fa45\"  style=\"height: 30px\" ><span class=\"vc_empty_space_inner\"><\/span><\/div>\n\t<div id=\"thb-client-logos-76\" class=\"thb-client-row thb-opacity has-border\">\n\t\t<div class=\"row no-padding style1\" data-columns=\"small-6 large-4\" data-navigation=\"true\">\n\t\t\t\t<div class=\"has-link thb-client small-6 large-4 columns\" style=\"border-color: #f0f0f0\">\n\t\t\t\t\t<a href=\"https:\/\/themeforest.net\/item\/notio-deluxe-portfolio-theme\/10049784\" target=\"_blank\"><img decoding=\"async\" width=\"1500\" height=\"1500\" src=\"https:\/\/laurablancomarketing.es\/wp-content\/uploads\/2021\/05\/wineluck-def.jpg\" class=\"attachment-full\" alt=\"Laura Blanco Estudio - Wineluck\" srcset=\"https:\/\/laurablancomarketing.es\/wp-content\/uploads\/2021\/05\/wineluck-def.jpg 1500w, https:\/\/laurablancomarketing.es\/wp-content\/uploads\/2021\/05\/wineluck-def-300x300.jpg 300w, https:\/\/laurablancomarketing.es\/wp-content\/uploads\/2021\/05\/wineluck-def-1024x1024.jpg 1024w, https:\/\/laurablancomarketing.es\/wp-content\/uploads\/2021\/05\/wineluck-def-150x150.jpg 150w, https:\/\/laurablancomarketing.es\/wp-content\/uploads\/2021\/05\/wineluck-def-768x768.jpg 768w, https:\/\/laurablancomarketing.es\/wp-content\/uploads\/2021\/05\/wineluck-def-12x12.jpg 12w, https:\/\/laurablancomarketing.es\/wp-content\/uploads\/2021\/05\/wineluck-def-600x600.jpg 600w, https:\/\/laurablancomarketing.es\/wp-content\/uploads\/2021\/05\/wineluck-def-900x900.jpg 900w, https:\/\/laurablancomarketing.es\/wp-content\/uploads\/2021\/05\/wineluck-def-20x20.jpg 20w\" sizes=\"(max-width: 1500px) 100vw, 1500px\" \/><\/a>\n\t\t\t<\/div>\n\t\t<div class=\"has-link thb-client small-6 large-4 columns\" style=\"border-color: #f0f0f0\">\n\t\t\t\t\t<a href=\"https:\/\/themeforest.net\/item\/notio-deluxe-portfolio-theme\/10049784\" target=\"_blank\"><img decoding=\"async\" width=\"1500\" height=\"1500\" src=\"https:\/\/laurablancomarketing.es\/wp-content\/uploads\/2021\/05\/stilo-def.jpg\" class=\"attachment-full\" alt=\"gesti\u00f3n de redes sociales la rioja\" srcset=\"https:\/\/laurablancomarketing.es\/wp-content\/uploads\/2021\/05\/stilo-def.jpg 1500w, https:\/\/laurablancomarketing.es\/wp-content\/uploads\/2021\/05\/stilo-def-300x300.jpg 300w, https:\/\/laurablancomarketing.es\/wp-content\/uploads\/2021\/05\/stilo-def-1024x1024.jpg 1024w, https:\/\/laurablancomarketing.es\/wp-content\/uploads\/2021\/05\/stilo-def-150x150.jpg 150w, https:\/\/laurablancomarketing.es\/wp-content\/uploads\/2021\/05\/stilo-def-768x768.jpg 768w, https:\/\/laurablancomarketing.es\/wp-content\/uploads\/2021\/05\/stilo-def-12x12.jpg 12w, https:\/\/laurablancomarketing.es\/wp-content\/uploads\/2021\/05\/stilo-def-600x600.jpg 600w, https:\/\/laurablancomarketing.es\/wp-content\/uploads\/2021\/05\/stilo-def-900x900.jpg 900w, https:\/\/laurablancomarketing.es\/wp-content\/uploads\/2021\/05\/stilo-def-20x20.jpg 20w\" sizes=\"(max-width: 1500px) 100vw, 1500px\" \/><\/a>\n\t\t\t<\/div>\n\t\t<div class=\"has-link thb-client small-6 large-4 columns\" style=\"border-color: #f0f0f0\">\n\t\t\t\t\t<a href=\"https:\/\/themeforest.net\/item\/notio-deluxe-portfolio-theme\/10049784\" target=\"_blank\"><img decoding=\"async\" width=\"1500\" height=\"1500\" src=\"https:\/\/laurablancomarketing.es\/wp-content\/uploads\/2021\/05\/piel-de-artemisa-def.jpg\" class=\"attachment-full\" alt=\"gesti\u00f3n de redes sociales la rioja\" srcset=\"https:\/\/laurablancomarketing.es\/wp-content\/uploads\/2021\/05\/piel-de-artemisa-def.jpg 1500w, https:\/\/laurablancomarketing.es\/wp-content\/uploads\/2021\/05\/piel-de-artemisa-def-300x300.jpg 300w, https:\/\/laurablancomarketing.es\/wp-content\/uploads\/2021\/05\/piel-de-artemisa-def-1024x1024.jpg 1024w, https:\/\/laurablancomarketing.es\/wp-content\/uploads\/2021\/05\/piel-de-artemisa-def-150x150.jpg 150w, https:\/\/laurablancomarketing.es\/wp-content\/uploads\/2021\/05\/piel-de-artemisa-def-768x768.jpg 768w, https:\/\/laurablancomarketing.es\/wp-content\/uploads\/2021\/05\/piel-de-artemisa-def-12x12.jpg 12w, https:\/\/laurablancomarketing.es\/wp-content\/uploads\/2021\/05\/piel-de-artemisa-def-600x600.jpg 600w, https:\/\/laurablancomarketing.es\/wp-content\/uploads\/2021\/05\/piel-de-artemisa-def-900x900.jpg 900w, https:\/\/laurablancomarketing.es\/wp-content\/uploads\/2021\/05\/piel-de-artemisa-def-20x20.jpg 20w\" sizes=\"(max-width: 1500px) 100vw, 1500px\" \/><\/a>\n\t\t\t<\/div>\n\t\t<div class=\"thb-client small-6 large-4 columns\" style=\"border-color: #f0f0f0\">\n\t\t\t\t\t<img decoding=\"async\" width=\"1500\" height=\"1500\" src=\"https:\/\/laurablancomarketing.es\/wp-content\/uploads\/2021\/05\/NX-def.jpg\" class=\"attachment-full\" alt=\"gesti\u00f3n de redes sociales la rioja\" srcset=\"https:\/\/laurablancomarketing.es\/wp-content\/uploads\/2021\/05\/NX-def.jpg 1500w, https:\/\/laurablancomarketing.es\/wp-content\/uploads\/2021\/05\/NX-def-300x300.jpg 300w, https:\/\/laurablancomarketing.es\/wp-content\/uploads\/2021\/05\/NX-def-1024x1024.jpg 1024w, https:\/\/laurablancomarketing.es\/wp-content\/uploads\/2021\/05\/NX-def-150x150.jpg 150w, https:\/\/laurablancomarketing.es\/wp-content\/uploads\/2021\/05\/NX-def-768x768.jpg 768w, https:\/\/laurablancomarketing.es\/wp-content\/uploads\/2021\/05\/NX-def-12x12.jpg 12w, https:\/\/laurablancomarketing.es\/wp-content\/uploads\/2021\/05\/NX-def-600x600.jpg 600w, https:\/\/laurablancomarketing.es\/wp-content\/uploads\/2021\/05\/NX-def-900x900.jpg 900w, https:\/\/laurablancomarketing.es\/wp-content\/uploads\/2021\/05\/NX-def-20x20.jpg 20w\" sizes=\"(max-width: 1500px) 100vw, 1500px\" \/>\t\t\t<\/div>\n\t\t<div class=\"thb-client small-6 large-4 columns\" style=\"border-color: #f0f0f0\">\n\t\t\t\t\t<img decoding=\"async\" width=\"1500\" height=\"1500\" src=\"https:\/\/laurablancomarketing.es\/wp-content\/uploads\/2021\/05\/grupo-pasion-def-1.jpg\" class=\"attachment-full\" alt=\"Laura Blanco Estudio - Grupo Pasi\u00f3n\" srcset=\"https:\/\/laurablancomarketing.es\/wp-content\/uploads\/2021\/05\/grupo-pasion-def-1.jpg 1500w, https:\/\/laurablancomarketing.es\/wp-content\/uploads\/2021\/05\/grupo-pasion-def-1-300x300.jpg 300w, https:\/\/laurablancomarketing.es\/wp-content\/uploads\/2021\/05\/grupo-pasion-def-1-1024x1024.jpg 1024w, https:\/\/laurablancomarketing.es\/wp-content\/uploads\/2021\/05\/grupo-pasion-def-1-150x150.jpg 150w, https:\/\/laurablancomarketing.es\/wp-content\/uploads\/2021\/05\/grupo-pasion-def-1-768x768.jpg 768w, https:\/\/laurablancomarketing.es\/wp-content\/uploads\/2021\/05\/grupo-pasion-def-1-12x12.jpg 12w, https:\/\/laurablancomarketing.es\/wp-content\/uploads\/2021\/05\/grupo-pasion-def-1-600x600.jpg 600w, https:\/\/laurablancomarketing.es\/wp-content\/uploads\/2021\/05\/grupo-pasion-def-1-900x900.jpg 900w, https:\/\/laurablancomarketing.es\/wp-content\/uploads\/2021\/05\/grupo-pasion-def-1-20x20.jpg 20w\" sizes=\"(max-width: 1500px) 100vw, 1500px\" \/>\t\t\t<\/div>\n\t\t<div class=\"thb-client small-6 large-4 columns\" style=\"border-color: #f0f0f0\">\n\t\t\t\t\t<img decoding=\"async\" width=\"1500\" height=\"1500\" src=\"https:\/\/laurablancomarketing.es\/wp-content\/uploads\/2021\/05\/Cuna-de-Reyes-def.jpg\" class=\"attachment-full\" alt=\"gesti\u00f3n de redes sociales la rioja\" srcset=\"https:\/\/laurablancomarketing.es\/wp-content\/uploads\/2021\/05\/Cuna-de-Reyes-def.jpg 1500w, https:\/\/laurablancomarketing.es\/wp-content\/uploads\/2021\/05\/Cuna-de-Reyes-def-300x300.jpg 300w, https:\/\/laurablancomarketing.es\/wp-content\/uploads\/2021\/05\/Cuna-de-Reyes-def-1024x1024.jpg 1024w, https:\/\/laurablancomarketing.es\/wp-content\/uploads\/2021\/05\/Cuna-de-Reyes-def-150x150.jpg 150w, https:\/\/laurablancomarketing.es\/wp-content\/uploads\/2021\/05\/Cuna-de-Reyes-def-768x768.jpg 768w, https:\/\/laurablancomarketing.es\/wp-content\/uploads\/2021\/05\/Cuna-de-Reyes-def-12x12.jpg 12w, https:\/\/laurablancomarketing.es\/wp-content\/uploads\/2021\/05\/Cuna-de-Reyes-def-600x600.jpg 600w, https:\/\/laurablancomarketing.es\/wp-content\/uploads\/2021\/05\/Cuna-de-Reyes-def-900x900.jpg 900w, https:\/\/laurablancomarketing.es\/wp-content\/uploads\/2021\/05\/Cuna-de-Reyes-def-20x20.jpg 20w\" sizes=\"(max-width: 1500px) 100vw, 1500px\" \/>\t\t\t<\/div>\n\t\t\t<\/div>\n\t<\/div>\n\t<div class=\"vc_empty_space\" id=\"thb-empty-space-6a00cdd130c7a\"  style=\"height: 100px\" ><span class=\"vc_empty_space_inner\"><\/span><\/div>\n<\/div><\/div><\/div><\/div><div class=\"row wpb_row row-fluid\"><div class=\"wpb_column columns medium-12 thb-dark-column small-12\"><div class=\"vc_column-inner \"><div class=\"wpb_wrapper \">\n\t<div class=\"wpb_text_column wpb_content_element  \" >\n\t\t<div class=\"wpb_wrapper\">\n\t\t\t<p><!-- \/wp:shortcode --><\/p>\n<p><!-- wp:paragraph --><\/p>\n\n\t\t<\/div>\n\t<\/div>\n<\/div><\/div><\/div><\/div><div class=\"row wpb_row row-fluid\"><div class=\"wpb_column columns medium-12 thb-dark-column small-12\"><div class=\"vc_column-inner \"><div class=\"wpb_wrapper \"><div class=\"wpforms-container wpforms-container-full\" id=\"wpforms-2000\"><form id=\"wpforms-form-2000\" class=\"wpforms-validate wpforms-form\" data-formid=\"2000\" method=\"post\" enctype=\"multipart\/form-data\" action=\"\/en\/wp-json\/wp\/v2\/pages\/2039\" data-token=\"2790277b46caa8866d53c40daf888ab8\" data-token-time=\"1778437585\"><div class=\"wpforms-head-container\"><div class=\"wpforms-title\">\u00bfHablamos?<\/div><\/div><noscript class=\"wpforms-error-noscript\">Please enable JavaScript in your browser to complete this form.<\/noscript><div class=\"wpforms-field-container\"><div id=\"wpforms-2000-field_4-container\" class=\"wpforms-field wpforms-field-name\" data-field-id=\"4\"><label class=\"wpforms-field-label\" for=\"wpforms-2000-field_4\">Nombre <span class=\"wpforms-required-label\">*<\/span><\/label><input type=\"text\" id=\"wpforms-2000-field_4\" class=\"wpforms-field-medium wpforms-field-required\" name=\"wpforms[fields][4]\" required><\/div><div id=\"wpforms-2000-field_1-container\" class=\"wpforms-field wpforms-field-email\" data-field-id=\"1\"><label class=\"wpforms-field-label\" for=\"wpforms-2000-field_1\">Email <span class=\"wpforms-required-label\">*<\/span><\/label><input type=\"email\" id=\"wpforms-2000-field_1\" class=\"wpforms-field-medium wpforms-field-required\" name=\"wpforms[fields][1]\" spellcheck=\"false\" required><\/div><div id=\"wpforms-2000-field_2-container\" class=\"wpforms-field wpforms-field-textarea\" data-field-id=\"2\"><label class=\"wpforms-field-label\" for=\"wpforms-2000-field_2\">\u00bfC\u00f3mo podemos ayudarte? <span class=\"wpforms-required-label\">*<\/span><\/label><textarea id=\"wpforms-2000-field_2\" class=\"wpforms-field-medium wpforms-field-required\" name=\"wpforms[fields][2]\" required><\/textarea><\/div><\/div><!-- .wpforms-field-container --><div class=\"wpforms-field wpforms-field-hp\"><label for=\"wpforms-2000-field-hp\" class=\"wpforms-field-label\">Phone<\/label><input type=\"text\" name=\"wpforms[hp]\" id=\"wpforms-2000-field-hp\" class=\"wpforms-field-medium\"><\/div><div class=\"wpforms-submit-container\" ><input type=\"hidden\" name=\"wpforms[id]\" value=\"2000\"><input type=\"hidden\" name=\"page_title\" value=\"\"><input type=\"hidden\" name=\"page_url\" value=\"https:\/\/laurablancomarketing.es\/en\/wp-json\/wp\/v2\/pages\/2039\"><input type=\"hidden\" name=\"url_referer\" value=\"\"><button type=\"submit\" name=\"wpforms[submit]\" id=\"wpforms-submit-2000\" class=\"wpforms-submit\" data-alt-text=\"Sending...\" data-submit-text=\"Submit\" aria-live=\"assertive\" value=\"wpforms-submit\">Submit<\/button><\/div><\/form><\/div>  <!-- .wpforms-container --><\/div><\/div><\/div><\/div><div class=\"row wpb_row row-fluid\"><div class=\"wpb_column columns medium-12 thb-dark-column small-12\"><div class=\"vc_column-inner \"><div class=\"wpb_wrapper \">\n\t<div class=\"wpb_text_column wpb_content_element  \" >\n\t\t<div class=\"wpb_wrapper\">\n\t\t\t<p><!-- \/wp:paragraph --><\/p>\n\n\t\t<\/div>\n\t<\/div>\n<\/div><\/div><\/div><\/div>","protected":false},"excerpt":{"rendered":"DESARROLLO Y DISE\u00d1O DE P\u00c1GINAS WEB Dise\u00f1o y creaci\u00f3n de p\u00e1ginas web corporativas.\u00a0 Desarrollo de tiendas online, posicionamiento en buscadores, dise\u00f1o web...\u00a0 P\u00c1GINA WEB ADAPTADA A TU EMPRESA En primer lugar, realizamos un an\u00e1lisis de los objetivos que debe lograr la p\u00e1gina web (ventas, contactos, informaci\u00f3n...) Tras ello, investigamos y dise\u00f1amos la forma y estructura&hellip;","protected":false},"author":1,"featured_media":0,"parent":0,"menu_order":0,"comment_status":"closed","ping_status":"closed","template":"","meta":{"footnotes":""},"class_list":["post-2039","page","type-page","status-publish","hentry"],"yoast_head":"<!-- This site is optimized with the Yoast SEO plugin v27.5 - https:\/\/yoast.com\/product\/yoast-seo-wordpress\/ -->\n<title>03 - P\u00e1ginas web &#8211; Laura Blanco<\/title>\n<meta name=\"robots\" content=\"index, follow, max-snippet:-1, max-image-preview:large, max-video-preview:-1\" \/>\n<link rel=\"canonical\" href=\"http:\/\/laurablancomarketing.es\/en\/03-paginas-web\/\" \/>\n<meta property=\"og:locale\" content=\"en_GB\" \/>\n<meta property=\"og:type\" content=\"article\" \/>\n<meta property=\"og:title\" content=\"03 - P\u00e1ginas web &#8211; Laura Blanco\" \/>\n<meta property=\"og:url\" content=\"http:\/\/laurablancomarketing.es\/en\/03-paginas-web\/\" \/>\n<meta property=\"og:site_name\" content=\"Laura Blanco\" \/>\n<meta property=\"article:modified_time\" content=\"2021-06-25T11:28:33+00:00\" \/>\n<meta name=\"twitter:card\" content=\"summary_large_image\" \/>\n<meta name=\"twitter:label1\" content=\"Estimated reading time\" \/>\n\t<meta name=\"twitter:data1\" content=\"1 minute\" \/>\n<script type=\"application\/ld+json\" class=\"yoast-schema-graph\">{\"@context\":\"https:\\\/\\\/schema.org\",\"@graph\":[{\"@type\":\"WebPage\",\"@id\":\"http:\\\/\\\/laurablancomarketing.es\\\/en\\\/03-paginas-web\\\/\",\"url\":\"http:\\\/\\\/laurablancomarketing.es\\\/en\\\/03-paginas-web\\\/\",\"name\":\"03 - P\u00e1ginas web &#8211; Laura Blanco\",\"isPartOf\":{\"@id\":\"http:\\\/\\\/laurablancomarketing.es\\\/en\\\/#website\"},\"datePublished\":\"2021-06-25T10:14:15+00:00\",\"dateModified\":\"2021-06-25T11:28:33+00:00\",\"breadcrumb\":{\"@id\":\"http:\\\/\\\/laurablancomarketing.es\\\/en\\\/03-paginas-web\\\/#breadcrumb\"},\"inLanguage\":\"en-GB\",\"potentialAction\":[{\"@type\":\"ReadAction\",\"target\":[\"http:\\\/\\\/laurablancomarketing.es\\\/en\\\/03-paginas-web\\\/\"]}]},{\"@type\":\"BreadcrumbList\",\"@id\":\"http:\\\/\\\/laurablancomarketing.es\\\/en\\\/03-paginas-web\\\/#breadcrumb\",\"itemListElement\":[{\"@type\":\"ListItem\",\"position\":1,\"name\":\"Home\",\"item\":\"https:\\\/\\\/laurablancomarketing.es\\\/\"},{\"@type\":\"ListItem\",\"position\":2,\"name\":\"03 &#8211; P\u00e1ginas web\"}]},{\"@type\":\"WebSite\",\"@id\":\"http:\\\/\\\/laurablancomarketing.es\\\/en\\\/#website\",\"url\":\"http:\\\/\\\/laurablancomarketing.es\\\/en\\\/\",\"name\":\"Laura Blanco\",\"description\":\"Marketing digital\",\"publisher\":{\"@id\":\"http:\\\/\\\/laurablancomarketing.es\\\/en\\\/#organization\"},\"potentialAction\":[{\"@type\":\"SearchAction\",\"target\":{\"@type\":\"EntryPoint\",\"urlTemplate\":\"http:\\\/\\\/laurablancomarketing.es\\\/en\\\/?s={search_term_string}\"},\"query-input\":{\"@type\":\"PropertyValueSpecification\",\"valueRequired\":true,\"valueName\":\"search_term_string\"}}],\"inLanguage\":\"en-GB\"},{\"@type\":\"Organization\",\"@id\":\"http:\\\/\\\/laurablancomarketing.es\\\/en\\\/#organization\",\"name\":\"Laura Blanco Estudio\",\"url\":\"http:\\\/\\\/laurablancomarketing.es\\\/en\\\/\",\"logo\":{\"@type\":\"ImageObject\",\"inLanguage\":\"en-GB\",\"@id\":\"http:\\\/\\\/laurablancomarketing.es\\\/en\\\/#\\\/schema\\\/logo\\\/image\\\/\",\"url\":\"http:\\\/\\\/laurablancomarketing.es\\\/wp-content\\\/uploads\\\/2021\\\/05\\\/cropped-LB.jpg\",\"contentUrl\":\"http:\\\/\\\/laurablancomarketing.es\\\/wp-content\\\/uploads\\\/2021\\\/05\\\/cropped-LB.jpg\",\"width\":512,\"height\":512,\"caption\":\"Laura Blanco Estudio\"},\"image\":{\"@id\":\"http:\\\/\\\/laurablancomarketing.es\\\/en\\\/#\\\/schema\\\/logo\\\/image\\\/\"}}]}<\/script>\n<!-- \/ Yoast SEO plugin. -->","yoast_head_json":{"title":"03 - P\u00e1ginas web &#8211; Laura Blanco","robots":{"index":"index","follow":"follow","max-snippet":"max-snippet:-1","max-image-preview":"max-image-preview:large","max-video-preview":"max-video-preview:-1"},"canonical":"http:\/\/laurablancomarketing.es\/en\/03-paginas-web\/","og_locale":"en_GB","og_type":"article","og_title":"03 - P\u00e1ginas web &#8211; Laura Blanco","og_url":"http:\/\/laurablancomarketing.es\/en\/03-paginas-web\/","og_site_name":"Laura Blanco","article_modified_time":"2021-06-25T11:28:33+00:00","twitter_card":"summary_large_image","twitter_misc":{"Estimated reading time":"1 minute"},"schema":{"@context":"https:\/\/schema.org","@graph":[{"@type":"WebPage","@id":"http:\/\/laurablancomarketing.es\/en\/03-paginas-web\/","url":"http:\/\/laurablancomarketing.es\/en\/03-paginas-web\/","name":"03 - P\u00e1ginas web &#8211; Laura Blanco","isPartOf":{"@id":"http:\/\/laurablancomarketing.es\/en\/#website"},"datePublished":"2021-06-25T10:14:15+00:00","dateModified":"2021-06-25T11:28:33+00:00","breadcrumb":{"@id":"http:\/\/laurablancomarketing.es\/en\/03-paginas-web\/#breadcrumb"},"inLanguage":"en-GB","potentialAction":[{"@type":"ReadAction","target":["http:\/\/laurablancomarketing.es\/en\/03-paginas-web\/"]}]},{"@type":"BreadcrumbList","@id":"http:\/\/laurablancomarketing.es\/en\/03-paginas-web\/#breadcrumb","itemListElement":[{"@type":"ListItem","position":1,"name":"Home","item":"https:\/\/laurablancomarketing.es\/"},{"@type":"ListItem","position":2,"name":"03 &#8211; P\u00e1ginas web"}]},{"@type":"WebSite","@id":"http:\/\/laurablancomarketing.es\/en\/#website","url":"http:\/\/laurablancomarketing.es\/en\/","name":"Laura Blanco","description":"Marketing digital","publisher":{"@id":"http:\/\/laurablancomarketing.es\/en\/#organization"},"potentialAction":[{"@type":"SearchAction","target":{"@type":"EntryPoint","urlTemplate":"http:\/\/laurablancomarketing.es\/en\/?s={search_term_string}"},"query-input":{"@type":"PropertyValueSpecification","valueRequired":true,"valueName":"search_term_string"}}],"inLanguage":"en-GB"},{"@type":"Organization","@id":"http:\/\/laurablancomarketing.es\/en\/#organization","name":"Laura Blanco Estudio","url":"http:\/\/laurablancomarketing.es\/en\/","logo":{"@type":"ImageObject","inLanguage":"en-GB","@id":"http:\/\/laurablancomarketing.es\/en\/#\/schema\/logo\/image\/","url":"http:\/\/laurablancomarketing.es\/wp-content\/uploads\/2021\/05\/cropped-LB.jpg","contentUrl":"http:\/\/laurablancomarketing.es\/wp-content\/uploads\/2021\/05\/cropped-LB.jpg","width":512,"height":512,"caption":"Laura Blanco Estudio"},"image":{"@id":"http:\/\/laurablancomarketing.es\/en\/#\/schema\/logo\/image\/"}}]}},"_links":{"self":[{"href":"https:\/\/laurablancomarketing.es\/en\/wp-json\/wp\/v2\/pages\/2039","targetHints":{"allow":["GET"]}}],"collection":[{"href":"https:\/\/laurablancomarketing.es\/en\/wp-json\/wp\/v2\/pages"}],"about":[{"href":"https:\/\/laurablancomarketing.es\/en\/wp-json\/wp\/v2\/types\/page"}],"author":[{"embeddable":true,"href":"https:\/\/laurablancomarketing.es\/en\/wp-json\/wp\/v2\/users\/1"}],"replies":[{"embeddable":true,"href":"https:\/\/laurablancomarketing.es\/en\/wp-json\/wp\/v2\/comments?post=2039"}],"version-history":[{"count":4,"href":"https:\/\/laurablancomarketing.es\/en\/wp-json\/wp\/v2\/pages\/2039\/revisions"}],"predecessor-version":[{"id":2047,"href":"https:\/\/laurablancomarketing.es\/en\/wp-json\/wp\/v2\/pages\/2039\/revisions\/2047"}],"wp:attachment":[{"href":"https:\/\/laurablancomarketing.es\/en\/wp-json\/wp\/v2\/media?parent=2039"}],"curies":[{"name":"wp","href":"https:\/\/api.w.org\/{rel}","templated":true}]}}