{"id":2113,"date":"2021-07-26T08:58:22","date_gmt":"2021-07-26T08:58:22","guid":{"rendered":"http:\/\/laurablancomarketing.es\/?page_id=2113"},"modified":"2021-07-26T08:58:22","modified_gmt":"2021-07-26T08:58:22","slug":"04-contacto","status":"publish","type":"page","link":"https:\/\/laurablancomarketing.es\/en\/04-contacto\/","title":{"rendered":"04 &#8211; Contacto"},"content":{"rendered":"<div class=\"row wpb_row row-fluid\"><div class=\"wpb_column columns medium-6 thb-dark-column small-12\"><div class=\"vc_column-inner \"><div class=\"wpb_wrapper \"><div class=\"wpforms-container wpforms-container-full\" id=\"wpforms-2000\"><form id=\"wpforms-form-2000\" class=\"wpforms-validate wpforms-form\" data-formid=\"2000\" method=\"post\" enctype=\"multipart\/form-data\" action=\"\/en\/wp-json\/wp\/v2\/pages\/2113\" data-token=\"2790277b46caa8866d53c40daf888ab8\" data-token-time=\"1778437979\"><div class=\"wpforms-head-container\"><div class=\"wpforms-title\">\u00bfHablamos?<\/div><\/div><noscript class=\"wpforms-error-noscript\">Please enable JavaScript in your browser to complete this form.<\/noscript><div class=\"wpforms-field-container\"><div id=\"wpforms-2000-field_4-container\" class=\"wpforms-field wpforms-field-name\" data-field-id=\"4\"><label class=\"wpforms-field-label\" for=\"wpforms-2000-field_4\">Nombre <span class=\"wpforms-required-label\">*<\/span><\/label><input type=\"text\" id=\"wpforms-2000-field_4\" class=\"wpforms-field-medium wpforms-field-required\" name=\"wpforms[fields][4]\" required><\/div><div id=\"wpforms-2000-field_1-container\" class=\"wpforms-field wpforms-field-email\" data-field-id=\"1\"><label class=\"wpforms-field-label\" for=\"wpforms-2000-field_1\">Email <span class=\"wpforms-required-label\">*<\/span><\/label><input type=\"email\" id=\"wpforms-2000-field_1\" class=\"wpforms-field-medium wpforms-field-required\" name=\"wpforms[fields][1]\" spellcheck=\"false\" required><\/div><div id=\"wpforms-2000-field_2-container\" class=\"wpforms-field wpforms-field-textarea\" data-field-id=\"2\"><label class=\"wpforms-field-label\" for=\"wpforms-2000-field_2\">\u00bfC\u00f3mo podemos ayudarte? <span class=\"wpforms-required-label\">*<\/span><\/label><textarea id=\"wpforms-2000-field_2\" class=\"wpforms-field-medium wpforms-field-required\" name=\"wpforms[fields][2]\" required><\/textarea><\/div><\/div><!-- .wpforms-field-container --><div class=\"wpforms-field wpforms-field-hp\"><label for=\"wpforms-2000-field-hp\" class=\"wpforms-field-label\">Phone<\/label><input type=\"text\" name=\"wpforms[hp]\" id=\"wpforms-2000-field-hp\" class=\"wpforms-field-medium\"><\/div><div class=\"wpforms-submit-container\" ><input type=\"hidden\" name=\"wpforms[id]\" value=\"2000\"><input type=\"hidden\" name=\"page_title\" value=\"\"><input type=\"hidden\" name=\"page_url\" value=\"https:\/\/laurablancomarketing.es\/en\/wp-json\/wp\/v2\/pages\/2113\"><input type=\"hidden\" name=\"url_referer\" value=\"\"><button type=\"submit\" name=\"wpforms[submit]\" id=\"wpforms-submit-2000\" class=\"wpforms-submit\" data-alt-text=\"Sending...\" data-submit-text=\"Submit\" aria-live=\"assertive\" value=\"wpforms-submit\">Submit<\/button><\/div><\/form><\/div>  <!-- .wpforms-container -->\n\t<div class=\"wpb_text_column wpb_content_element  \" >\n\t\t<div class=\"wpb_wrapper\">\n\t\t\t<p>Tambi\u00e9n puedes mandarme un correo a laura.blanco.garay@gmail.com o llamarme al 696634700.<\/p>\n\n\t\t<\/div>\n\t<\/div>\n<\/div><\/div><\/div><div class=\"wpb_column columns medium-6 thb-dark-column small-12\"><div class=\"vc_column-inner \"><div class=\"wpb_wrapper \">\n\t<div  class=\"wpb_single_image wpb_content_element vc_align_right\">\n\t\t\n\t\t<figure class=\"wpb_wrapper vc_figure\">\n\t\t\t<div class=\"vc_single_image-wrapper   vc_box_border_grey\"><img decoding=\"async\" width=\"1024\" height=\"621\" src=\"https:\/\/laurablancomarketing.es\/wp-content\/uploads\/2021\/05\/2-1024x621.jpg\" class=\"vc_single_image-img attachment-large\" alt=\"\" srcset=\"https:\/\/laurablancomarketing.es\/wp-content\/uploads\/2021\/05\/2-1024x621.jpg 1024w, https:\/\/laurablancomarketing.es\/wp-content\/uploads\/2021\/05\/2-900x546.jpg 900w, https:\/\/laurablancomarketing.es\/wp-content\/uploads\/2021\/05\/2-e1627289628705-20x13.jpg 20w\" sizes=\"(max-width: 1024px) 100vw, 1024px\" \/><\/div>\n\t\t<\/figure>\n\t<\/div>\n<\/div><\/div><\/div><\/div>\n","protected":false},"excerpt":{"rendered":"\u00bfHablamos?Please enable JavaScript in your browser to complete this form.Nombre *Email *\u00bfC\u00f3mo podemos ayudarte? *EmailSubmit Tambi\u00e9n puedes mandarme un correo a laura.blanco.garay@gmail.com o llamarme al 696634700.","protected":false},"author":1,"featured_media":0,"parent":0,"menu_order":0,"comment_status":"closed","ping_status":"closed","template":"","meta":{"footnotes":""},"class_list":["post-2113","page","type-page","status-publish","hentry"],"yoast_head":"<!-- This site is optimized with the Yoast SEO plugin v27.5 - https:\/\/yoast.com\/product\/yoast-seo-wordpress\/ -->\n<title>Gesti\u00f3n de redes sociales - Community manager - Laura Blanco Estudio<\/title>\n<meta name=\"description\" content=\"Gesti\u00f3n profesional de redes sociales centrada en tus necesidades y orientada a objetivos. Gesti\u00f3n de redes sociales en La Rioja.\" \/>\n<meta name=\"robots\" content=\"index, follow, max-snippet:-1, max-image-preview:large, max-video-preview:-1\" \/>\n<link rel=\"canonical\" href=\"https:\/\/laurablancomarketing.es\/en\/04-contacto\/\" \/>\n<meta property=\"og:locale\" content=\"en_GB\" \/>\n<meta property=\"og:type\" content=\"article\" \/>\n<meta property=\"og:title\" content=\"Gesti\u00f3n de redes sociales - Community manager - Laura Blanco Estudio\" \/>\n<meta property=\"og:description\" content=\"Gesti\u00f3n profesional de redes sociales centrada en tus necesidades y orientada a objetivos. Gesti\u00f3n de redes sociales en La Rioja.\" \/>\n<meta property=\"og:url\" content=\"https:\/\/laurablancomarketing.es\/en\/04-contacto\/\" \/>\n<meta property=\"og:site_name\" content=\"Laura Blanco\" \/>\n<meta name=\"twitter:card\" content=\"summary_large_image\" \/>\n<meta name=\"twitter:label1\" content=\"Estimated reading time\" \/>\n\t<meta name=\"twitter:data1\" content=\"1 minute\" \/>\n<script type=\"application\/ld+json\" class=\"yoast-schema-graph\">{\"@context\":\"https:\\\/\\\/schema.org\",\"@graph\":[{\"@type\":\"WebPage\",\"@id\":\"https:\\\/\\\/laurablancomarketing.es\\\/04-contacto\\\/\",\"url\":\"https:\\\/\\\/laurablancomarketing.es\\\/04-contacto\\\/\",\"name\":\"Gesti\u00f3n de redes sociales - Community manager - Laura Blanco Estudio\",\"isPartOf\":{\"@id\":\"http:\\\/\\\/laurablancomarketing.es\\\/en\\\/#website\"},\"datePublished\":\"2021-07-26T08:58:22+00:00\",\"description\":\"Gesti\u00f3n profesional de redes sociales centrada en tus necesidades y orientada a objetivos. Gesti\u00f3n de redes sociales en La Rioja.\",\"breadcrumb\":{\"@id\":\"https:\\\/\\\/laurablancomarketing.es\\\/04-contacto\\\/#breadcrumb\"},\"inLanguage\":\"en-GB\",\"potentialAction\":[{\"@type\":\"ReadAction\",\"target\":[\"https:\\\/\\\/laurablancomarketing.es\\\/04-contacto\\\/\"]}]},{\"@type\":\"BreadcrumbList\",\"@id\":\"https:\\\/\\\/laurablancomarketing.es\\\/04-contacto\\\/#breadcrumb\",\"itemListElement\":[{\"@type\":\"ListItem\",\"position\":1,\"name\":\"Home\",\"item\":\"https:\\\/\\\/laurablancomarketing.es\\\/\"},{\"@type\":\"ListItem\",\"position\":2,\"name\":\"04 &#8211; Contacto\"}]},{\"@type\":\"WebSite\",\"@id\":\"http:\\\/\\\/laurablancomarketing.es\\\/en\\\/#website\",\"url\":\"http:\\\/\\\/laurablancomarketing.es\\\/en\\\/\",\"name\":\"Laura Blanco\",\"description\":\"Marketing digital\",\"publisher\":{\"@id\":\"http:\\\/\\\/laurablancomarketing.es\\\/en\\\/#organization\"},\"potentialAction\":[{\"@type\":\"SearchAction\",\"target\":{\"@type\":\"EntryPoint\",\"urlTemplate\":\"http:\\\/\\\/laurablancomarketing.es\\\/en\\\/?s={search_term_string}\"},\"query-input\":{\"@type\":\"PropertyValueSpecification\",\"valueRequired\":true,\"valueName\":\"search_term_string\"}}],\"inLanguage\":\"en-GB\"},{\"@type\":\"Organization\",\"@id\":\"http:\\\/\\\/laurablancomarketing.es\\\/en\\\/#organization\",\"name\":\"Laura Blanco Estudio\",\"url\":\"http:\\\/\\\/laurablancomarketing.es\\\/en\\\/\",\"logo\":{\"@type\":\"ImageObject\",\"inLanguage\":\"en-GB\",\"@id\":\"http:\\\/\\\/laurablancomarketing.es\\\/en\\\/#\\\/schema\\\/logo\\\/image\\\/\",\"url\":\"http:\\\/\\\/laurablancomarketing.es\\\/wp-content\\\/uploads\\\/2021\\\/05\\\/cropped-LB.jpg\",\"contentUrl\":\"http:\\\/\\\/laurablancomarketing.es\\\/wp-content\\\/uploads\\\/2021\\\/05\\\/cropped-LB.jpg\",\"width\":512,\"height\":512,\"caption\":\"Laura Blanco Estudio\"},\"image\":{\"@id\":\"http:\\\/\\\/laurablancomarketing.es\\\/en\\\/#\\\/schema\\\/logo\\\/image\\\/\"}}]}<\/script>\n<!-- \/ Yoast SEO plugin. -->","yoast_head_json":{"title":"Gesti\u00f3n de redes sociales - Community manager - Laura Blanco Estudio","description":"Gesti\u00f3n profesional de redes sociales centrada en tus necesidades y orientada a objetivos. Gesti\u00f3n de redes sociales en La Rioja.","robots":{"index":"index","follow":"follow","max-snippet":"max-snippet:-1","max-image-preview":"max-image-preview:large","max-video-preview":"max-video-preview:-1"},"canonical":"https:\/\/laurablancomarketing.es\/en\/04-contacto\/","og_locale":"en_GB","og_type":"article","og_title":"Gesti\u00f3n de redes sociales - Community manager - Laura Blanco Estudio","og_description":"Gesti\u00f3n profesional de redes sociales centrada en tus necesidades y orientada a objetivos. Gesti\u00f3n de redes sociales en La Rioja.","og_url":"https:\/\/laurablancomarketing.es\/en\/04-contacto\/","og_site_name":"Laura Blanco","twitter_card":"summary_large_image","twitter_misc":{"Estimated reading time":"1 minute"},"schema":{"@context":"https:\/\/schema.org","@graph":[{"@type":"WebPage","@id":"https:\/\/laurablancomarketing.es\/04-contacto\/","url":"https:\/\/laurablancomarketing.es\/04-contacto\/","name":"Gesti\u00f3n de redes sociales - Community manager - Laura Blanco Estudio","isPartOf":{"@id":"http:\/\/laurablancomarketing.es\/en\/#website"},"datePublished":"2021-07-26T08:58:22+00:00","description":"Gesti\u00f3n profesional de redes sociales centrada en tus necesidades y orientada a objetivos. Gesti\u00f3n de redes sociales en La Rioja.","breadcrumb":{"@id":"https:\/\/laurablancomarketing.es\/04-contacto\/#breadcrumb"},"inLanguage":"en-GB","potentialAction":[{"@type":"ReadAction","target":["https:\/\/laurablancomarketing.es\/04-contacto\/"]}]},{"@type":"BreadcrumbList","@id":"https:\/\/laurablancomarketing.es\/04-contacto\/#breadcrumb","itemListElement":[{"@type":"ListItem","position":1,"name":"Home","item":"https:\/\/laurablancomarketing.es\/"},{"@type":"ListItem","position":2,"name":"04 &#8211; Contacto"}]},{"@type":"WebSite","@id":"http:\/\/laurablancomarketing.es\/en\/#website","url":"http:\/\/laurablancomarketing.es\/en\/","name":"Laura Blanco","description":"Marketing digital","publisher":{"@id":"http:\/\/laurablancomarketing.es\/en\/#organization"},"potentialAction":[{"@type":"SearchAction","target":{"@type":"EntryPoint","urlTemplate":"http:\/\/laurablancomarketing.es\/en\/?s={search_term_string}"},"query-input":{"@type":"PropertyValueSpecification","valueRequired":true,"valueName":"search_term_string"}}],"inLanguage":"en-GB"},{"@type":"Organization","@id":"http:\/\/laurablancomarketing.es\/en\/#organization","name":"Laura Blanco Estudio","url":"http:\/\/laurablancomarketing.es\/en\/","logo":{"@type":"ImageObject","inLanguage":"en-GB","@id":"http:\/\/laurablancomarketing.es\/en\/#\/schema\/logo\/image\/","url":"http:\/\/laurablancomarketing.es\/wp-content\/uploads\/2021\/05\/cropped-LB.jpg","contentUrl":"http:\/\/laurablancomarketing.es\/wp-content\/uploads\/2021\/05\/cropped-LB.jpg","width":512,"height":512,"caption":"Laura Blanco Estudio"},"image":{"@id":"http:\/\/laurablancomarketing.es\/en\/#\/schema\/logo\/image\/"}}]}},"_links":{"self":[{"href":"https:\/\/laurablancomarketing.es\/en\/wp-json\/wp\/v2\/pages\/2113","targetHints":{"allow":["GET"]}}],"collection":[{"href":"https:\/\/laurablancomarketing.es\/en\/wp-json\/wp\/v2\/pages"}],"about":[{"href":"https:\/\/laurablancomarketing.es\/en\/wp-json\/wp\/v2\/types\/page"}],"author":[{"embeddable":true,"href":"https:\/\/laurablancomarketing.es\/en\/wp-json\/wp\/v2\/users\/1"}],"replies":[{"embeddable":true,"href":"https:\/\/laurablancomarketing.es\/en\/wp-json\/wp\/v2\/comments?post=2113"}],"version-history":[{"count":5,"href":"https:\/\/laurablancomarketing.es\/en\/wp-json\/wp\/v2\/pages\/2113\/revisions"}],"predecessor-version":[{"id":2118,"href":"https:\/\/laurablancomarketing.es\/en\/wp-json\/wp\/v2\/pages\/2113\/revisions\/2118"}],"wp:attachment":[{"href":"https:\/\/laurablancomarketing.es\/en\/wp-json\/wp\/v2\/media?parent=2113"}],"curies":[{"name":"wp","href":"https:\/\/api.w.org\/{rel}","templated":true}]}}